{"id":186,"date":"2023-01-08T17:50:38","date_gmt":"2023-01-08T16:50:38","guid":{"rendered":"http:\/\/www.kajak-lgd.pl\/?page_id=186"},"modified":"2023-01-26T21:21:34","modified_gmt":"2023-01-26T20:21:34","slug":"rzekailawka-ilawa-rodzone","status":"publish","type":"page","link":"https:\/\/www.kajak-lgd.pl\/index.php\/kajak-lgd-home\/rzekailawka-ilawa-rodzone\/","title":{"rendered":"Rzeka I\u0142awka \u2013 I\u0142awa \u2013 Rodzone"},"content":{"rendered":"\n<p class=\"has-cyan-bluish-gray-color has-text-color has-small-font-size\">Od Wis\u0142y do Wis\u0142y &#8211; \u0142\u0105czy nas Kana\u0142 Elbl\u0105ski i Drw\u0119ca<br><\/p>\n\n\n\n<div class=\"wp-block-columns alignwide is-layout-flex wp-container-core-columns-is-layout-28f84493 wp-block-columns-is-layout-flex\">\n<div class=\"wp-block-column is-layout-flow wp-block-column-is-layout-flow\">\n<p><strong>d\u0142ugo\u015b\u0107 trasy &#8211; 17.0 km<\/strong><br><br><\/p>\n\n\n\n<p><strong>Rzeka I\u0142awka<\/strong> to \u0142atwy szlak kajakowy, nie sprawi trudno\u015bci nawet pocz\u0105tkuj\u0105cym kajakarzom. Dwie przeszkody wymagaj\u0105ce przenoski mog\u0105 by\u0107 dodatkow\u0105 atrakcj\u0105 na szlaku. Rzeka p\u0142ynie \u0142agodnie, momentami leniwie. Nurt przyspiesza jedynie na odcinku le\u015bnym. Rzeka I\u0142awka przep\u0142ywa przez <strong>Pojezierze I\u0142awskie<\/strong>, wyp\u0142ywa z najd\u0142u\u017cszego jeziora w Polsce &#8211; <strong>Jezioraka<\/strong> i&nbsp;uchodzi do rzeki <strong>Drw\u0119cy<\/strong>. Rzeka \u0142\u0105czy obszary chronione: Natura 2000 \u201eLasy I\u0142awskie\u201d, \u201eOstoja I\u0142awska\u201d i Park Krajobrazowy Pojezierza I\u0142awskiego z Dolin\u0105 Drw\u0119cy. \u015arednia g\u0142\u0119boko\u015b\u0107 rzeki wynosi <strong>1<\/strong> metr. Blisko szlaku znajduje&nbsp;si\u0119 wie\u015b <strong>\u0141awice<\/strong>, miejsce urodzenia Emila von&nbsp;Behringa &#8211; laureata pierwszej Nagrody Nobla w&nbsp;dziedzinie medycyny. W miejscowej szkole jest po\u015bwi\u0119cona mu izba pami\u0119ci. Na I\u0142awce na uwag\u0119 zas\u0142uguje zabytkowy <strong>jaz pi\u0119trz\u0105cy w&nbsp;I\u0142awie<\/strong>.<\/p>\n\n\n\n<p>D\u0142ugo\u015b\u0107 rzeki wynosi <strong>18,5&nbsp;<\/strong>km. W&nbsp;I\u0142awie mo\u017cemy zrobi\u0107 post\u00f3j, zwiedzi\u0107 miasto i&nbsp;ruszy\u0107 dalej &#8211; do <strong>Rodzonego<\/strong>, gdzie <strong>I\u0142awka<\/strong> wpada do <strong>Drw\u0119cy<\/strong>.<\/p>\n\n\n\n<p>We wsi Rodzone na mocy Rozporz\u0105dzenia Prezydenta RP z&nbsp;dnia 2 grudnia 1925&nbsp;r. ustanowiono posterunek na granicy polsko-niemieckiej, kt\u00f3r\u0105 stanowi\u0142a rzeka Drw\u0119ca. Stra\u017cnica niemiecka ju\u017c&nbsp;nie&nbsp;istnieje, ale&nbsp;polsk\u0105, dobrze zachowan\u0105 mo\u017cna zobaczy\u0107 tu\u017c przy zakr\u0119cie we&nbsp;wsi Rodzone.<\/p>\n<\/div>\n<\/div>\n\n\n\n<p class=\"has-small-font-size\"><\/p>\n\n\n\n<figure class=\"wp-block-table has-small-font-size\"><table class=\"has-vivid-green-cyan-color has-text-color\"><tbody><tr><td class=\"has-text-align-center\" data-align=\"center\"><strong>km<\/strong><\/td><td class=\"has-text-align-center\" data-align=\"center\"><strong>rzeka I\u0142awka<\/strong> \u2013 <strong>I\u0142awa<\/strong> \u2013 <strong>Rodzone<\/strong> (<strong>Jezioro I\u0142awskie &#8211; I\u0142awka<\/strong>)<\/td><\/tr><tr><td class=\"has-text-align-center\" data-align=\"center\"><strong>0,0<\/strong><\/td><td class=\"has-text-align-center\" data-align=\"center\">Tu ma pocz\u0105tek rzeka <strong>I\u0142awka<\/strong>. Most drogowy na trasie I\u0142awa\u2013Zalewo (oddany do u\u017cytku w&nbsp;2010&nbsp;r.), rzeka rozszerza si\u0119 w&nbsp;ma\u0142e rozlewisko. Dalej po lewej stronie widzimy obwodnic\u0119 p\u00f3\u0142nocn\u0105 miasta. Pod&nbsp;mostem obwodnicy przep\u0142ywa rzeka <strong>Tynwa\u0142d<\/strong>, kt\u00f3ra jest lewym dop\u0142ywem <strong>I\u0142awki<\/strong>.<\/td><\/tr><tr><td class=\"has-text-align-center\" data-align=\"center\"><strong><strong>1,4<\/strong><\/strong><\/td><td class=\"has-text-align-center\" data-align=\"center\"><strong>Most drogowy<\/strong> na ul. Ko\u015bciuszki. Na rzece ustawiony jest&nbsp;zabytkowy <strong>jaz pi\u0119trz\u0105cy<\/strong>. Jaz zosta\u0142 wybudowany ok.&nbsp;1870&nbsp;r. i&nbsp;poddany generalnej przebudowie w latach 1920-1926 oraz remontowi kapitalnemu w latach 1995-1996, z&nbsp;zachowaniem starych mechanizm\u00f3w wodnych. Jaz zamykany jest czterema pojedynczymi zasuwami drewnianymi o nap\u0119dzie r\u0119cznym. Tutaj kajaki musimy przenie\u015b\u0107 na&nbsp;drug\u0105 stron\u0119. Po prawej stronie mijamy zabytkowy m\u0142yn wodny z&nbsp;1376&nbsp;r.<\/td><\/tr><tr><td class=\"has-text-align-center\" data-align=\"center\"><strong><strong>1,6<\/strong><\/strong><\/td><td class=\"has-text-align-center\" data-align=\"center\"><strong>I\u0142awka<\/strong> przechodzi w spore rozlewisko. To <strong>Jezioro I\u0142awskie<\/strong> (ma\u0142e). P\u0142yniemy dalej, w&nbsp;stron\u0119 zabytkowego wiaduktu kolejowego.<\/td><\/tr><tr><td class=\"has-text-align-center\" data-align=\"center\"><strong>2,0<\/strong><\/td><td class=\"has-text-align-center\" data-align=\"center\">Opuszczaj\u0105c jezioro, przep\u0142ywamy pod zabytkowym <strong>wiaduktem kolejowym<\/strong> wybudowanym w&nbsp;1872&nbsp;r., na linii kolejowej Toru\u0144-I\u0142awa -Olsztyn.<\/td><\/tr><tr><td class=\"has-text-align-center\" data-align=\"center\"><strong>2,5<\/strong><\/td><td class=\"has-text-align-center\" data-align=\"center\"><strong>Most drogowy<\/strong> na obwodnicy I\u0142awy. Brzegi zaro\u015bni\u0119te ro\u015blinno\u015bci\u0105. W&nbsp;korycie rzeki licznie wyst\u0119puj\u0105 grzybie\u0144 bia\u0142y i&nbsp;gr\u0105\u017cel \u017c\u00f3\u0142ty. Obydwa gatunki s\u0105 pod ochron\u0105 gatunkow\u0105 i&nbsp;nie wolno ich niszczy\u0107 ani zrywa\u0107.<\/td><\/tr><tr><td class=\"has-text-align-center\" data-align=\"center\"><strong>4,7<\/strong><\/td><td class=\"has-text-align-center\" data-align=\"center\">Wp\u0142ywamy na <strong>Jezioro I\u0142awskie (D\u0142ugie)<\/strong>, powierzchnia jeziora wynosi <strong>154&nbsp;<\/strong>ha, g\u0142\u0119boko\u015b\u0107 dochodzi do <strong>2,8&nbsp;<\/strong>m, szeroko\u015b\u0107 <strong>750&nbsp;<\/strong>m, d\u0142ugo\u015b\u0107 <strong>3,7&nbsp;<\/strong>km. To&nbsp;malownicze jezioro rynnowe, mocno wyd\u0142u\u017cone w&nbsp;kierunku po\u0142udniowo\u2013zachodnim, poro\u015bni\u0119ta lasem wyspa, le\u017cy w&nbsp;\u015brodkowo\u2013p\u00f3\u0142nocnej cz\u0119\u015bci jeziora. Kierujemy si\u0119 na po\u0142udnie p\u0142yn\u0105c bli\u017cej lewego brzegu, by&nbsp;dop\u0142yn\u0105\u0107 do ukrytego w\u015br\u00f3d trzcin uj\u015bcia rzeki.<s>&nbsp;<\/s><\/td><\/tr><tr><td class=\"has-text-align-center\" data-align=\"center\"><strong>6,6<\/strong><\/td><td class=\"has-text-align-center\" data-align=\"center\">Wyp\u0142yw <strong>I\u0142awki<\/strong> z&nbsp;Jeziora I\u0142awskiego. Nurt przy\u015bpiesza.<\/td><\/tr><tr><td class=\"has-text-align-center\" data-align=\"center\"><strong>7,7<\/strong><\/td><td class=\"has-text-align-center\" data-align=\"center\">Most drogowy we wsi <strong>Dziarny<\/strong>. Pierwsza wzmianka o&nbsp;Dziarnach pochodzi z&nbsp;dokumentu z&nbsp;1317&nbsp;r. W&nbsp;\u015bredniowieczu we wsi znajdowa\u0142o&nbsp;si\u0119 umocnione grodzisko.&nbsp;<\/td><\/tr><tr><td class=\"has-text-align-center\" data-align=\"center\"><strong>9,5<\/strong><\/td><td class=\"has-text-align-center\" data-align=\"center\">Most drogowy, na lewym brzegu wie\u015b <strong>Kozianka<\/strong>.<\/td><\/tr><tr><td class=\"has-text-align-center\" data-align=\"center\"><strong>11,7<\/strong><\/td><td class=\"has-text-align-center\" data-align=\"center\">Po prawej stronie wie\u015b <strong>Dziarn\u00f3wko<\/strong>, rzeka rozwidla si\u0119, by po drugiej stronie wsi zn\u00f3w si\u0119 po\u0142\u0105czy\u0107. Mo\u017cna p\u0142yn\u0105\u0107 w lewo lub w prawo. P\u0142yniemy w prawo, bo w przeciwnym razie czekaj\u0105 nas niespodzianki \u2013 <strong>jaz i&nbsp;przenoska<\/strong> oraz mo\u017cliwo\u015b\u0107 bardzo niskiego stanu wody i&nbsp;konieczno\u015b\u0107 przeci\u0105gania kajak\u00f3w po dnie. P\u0142yn\u0105c w prawo docieramy do starego m\u0142yna wodnego z&nbsp;1386&nbsp;r. Obecnie w budynku mie\u015bci&nbsp;si\u0119 ma\u0142a elektrownia wodna. Tutaj r\u00f3wnie\u017c musimy przenie\u015b\u0107 kajaki, ale&nbsp;stan wody jest znacznie wy\u017cszy ni\u017c za jazem i&nbsp;pr\u0105d rzeki silniejszy. W&nbsp;tym miejscu mo\u017cna zrobi\u0107 d\u0142u\u017csz\u0105 przerw\u0119 na odpoczynek. Pozostawiaj\u0105c kajaki na brzegu, kierujemy si\u0119 w&nbsp;praw\u0105 stron\u0119, aby po&nbsp;oko\u0142o 150&nbsp;metrach dotrze\u0107 do <strong>le\u015bnicz\u00f3wki Dziarn\u00f3wko<\/strong>, gdzie znajdziemy dogodne miejsce na odpoczynek, a&nbsp;w&nbsp;pobli\u017cu jazu wodnego mie\u015bci si\u0119 gospodarstwo rybackie, w&nbsp;kt\u00f3rym mo\u017cna kupi\u0107 \u015bwie\u017ce ryby. Ruszamy dalej. Po lewej burcie mijamy stawy hodowlane. Dalej nurt I\u0142awki wyra\u017anie przyspiesza, mo\u017cemy napotka\u0107 przeszkody w&nbsp;postaci zwalonych drzew \u015bci\u0119tych przez bobry. Przy odrobinie szcz\u0119\u015bcia zobaczymy te\u017c bobry. Mo\u017cemy r\u00f3wnie\u017c dostrzec przy wodopoju jelenie, sarny, dziki, a&nbsp;bywa, \u017ce i&nbsp;\u0142osie.<\/td><\/tr><tr><td class=\"has-text-align-center\" data-align=\"center\"><strong>15,9<\/strong><\/td><td class=\"has-text-align-center\" data-align=\"center\">Most drogowy we wsi Ma\u0142y B\u00f3r i&nbsp;le\u015bnicz\u00f3wka ,,Papiernia\u201d. Dalej, a\u017c&nbsp;do po\u0142\u0105czenia si\u0119 z&nbsp;Drw\u0119c\u0105, I\u0142awka p\u0142ynie po\u015br\u00f3d las\u00f3w, \u0142\u0105k i&nbsp;mokrade\u0142.<\/td><\/tr><tr><td class=\"has-text-align-center\" data-align=\"center\"><strong>17,0<\/strong><\/td><td class=\"has-text-align-center\" data-align=\"center\">I\u0142awka wpada do Drw\u0119cy. Wp\u0142ywamy w&nbsp;rzek\u0119, kieruj\u0105c si\u0119 w&nbsp;praw\u0105 stron\u0119 z&nbsp;nurtem rzeki. Po przep\u0142yni\u0119ciu oko\u0142o 200&nbsp;metr\u00f3w, po prawej stronie znajdziemy miejsce na odpoczynek z&nbsp;mo\u017cliwo\u015bci\u0105 rozpalenia ogniska.<\/td><\/tr><\/tbody><\/table><\/figure>\n\n\n\n<div class=\"wp-block-columns is-layout-flex wp-container-core-columns-is-layout-28f84493 wp-block-columns-is-layout-flex\" style=\"border-style:none;border-width:0px\">\n<div class=\"wp-block-column is-layout-flow wp-block-column-is-layout-flow\">\n<div class=\"wp-block-columns is-layout-flex wp-container-core-columns-is-layout-28f84493 wp-block-columns-is-layout-flex\">\n<div class=\"wp-block-column is-layout-flow wp-block-column-is-layout-flow\">\n<hr class=\"wp-block-separator has-text-color has-vivid-green-cyan-color has-alpha-channel-opacity has-vivid-green-cyan-background-color has-background is-style-wide\"\/>\n<\/div>\n<\/div>\n<\/div>\n<\/div>\n\n\n\n<div class=\"wp-block-columns is-layout-flex wp-container-core-columns-is-layout-28f84493 wp-block-columns-is-layout-flex\">\n<div class=\"wp-block-column is-layout-flow wp-block-column-is-layout-flow\">\n<div style=\"height:0px\" aria-hidden=\"true\" class=\"wp-block-spacer\"><\/div>\n<\/div>\n<\/div>\n\n\n\n<div class=\"wp-block-columns alignwide is-layout-flex wp-container-core-columns-is-layout-28f84493 wp-block-columns-is-layout-flex\">\n<div class=\"wp-block-column is-layout-flow wp-block-column-is-layout-flow\"><\/div>\n<\/div>\n\n\n\n<div class=\"wp-block-columns is-layout-flex wp-container-core-columns-is-layout-28f84493 wp-block-columns-is-layout-flex\">\n<div class=\"wp-block-column is-layout-flow wp-block-column-is-layout-flow\"><p><iframe loading=\"lazy\" src=\"https:\/\/www.google.com\/maps\/d\/embed?mid=13dJmWjztEnOlD7Slj34WAebcJY-PYls&#038;ehbc=2E312F\" width=\"640\" height=\"480\"><\/iframe><\/p>\n<\/div>\n<\/div>\n\n\n\n<div class=\"wp-block-columns alignfull is-layout-flex wp-container-core-columns-is-layout-28f84493 wp-block-columns-is-layout-flex\">\n<div class=\"wp-block-column is-layout-flow wp-block-column-is-layout-flow\">\n<div style=\"height:50px\" aria-hidden=\"true\" class=\"wp-block-spacer\"><\/div>\n<\/div>\n<\/div>\n\n\n\n<hr class=\"wp-block-separator has-text-color has-vivid-green-cyan-color has-alpha-channel-opacity has-vivid-green-cyan-background-color has-background is-style-wide\"\/>\n\n\n\n<p class=\"has-vivid-green-cyan-color has-text-color has-small-font-size\"><strong>Uwaga<\/strong><\/p>\n\n\n\n<ul class=\"wp-block-list\">\n<li>na ca\u0142ej trasie obowi\u0105zuje zakaz \u017ceglugi w porze nocnej, czyli od godziny po zachodzie s\u0142o\u0144ca do godziny przed wschodem s\u0142o\u0144ca <\/li>\n<\/ul>\n\n\n\n<div style=\"height:100px\" aria-hidden=\"true\" class=\"wp-block-spacer\"><\/div>\n\n\n\n<div class=\"wp-block-columns is-layout-flex wp-container-core-columns-is-layout-28f84493 wp-block-columns-is-layout-flex\">\n<div class=\"wp-block-column is-layout-flow wp-block-column-is-layout-flow\">\n<div class=\"wp-block-buttons is-content-justification-center is-layout-flex wp-container-core-buttons-is-layout-a89b3969 wp-block-buttons-is-layout-flex\">\n<div class=\"wp-block-button is-style-fill\"><a class=\"wp-block-button__link has-background-color has-vivid-green-cyan-background-color has-text-color has-background wp-element-button\" style=\"border-radius:5px\"><strong>KOLEJNY ETAP<\/strong><\/a><\/div>\n<\/div>\n<\/div>\n<\/div>\n","protected":false},"excerpt":{"rendered":"<p>Od Wis\u0142y do Wis\u0142y &#8211; \u0142\u0105czy nas Kana\u0142 Elbl\u0105ski i Drw\u0119ca d\u0142ugo\u015b\u0107 trasy &#8211; 17.0 km Rzeka I\u0142awka to \u0142atwy szlak kajakowy, nie sprawi trudno\u015bci nawet pocz\u0105tkuj\u0105cym kajakarzom. Dwie przeszkody wymagaj\u0105ce przenoski mog\u0105 by\u0107 dodatkow\u0105 atrakcj\u0105 na szlaku. Rzeka p\u0142ynie \u0142agodnie, momentami leniwie. Nurt przyspiesza jedynie na odcinku le\u015bnym. Rzeka I\u0142awka przep\u0142ywa przez Pojezierze I\u0142awskie, [&hellip;]<\/p>\n","protected":false},"author":1,"featured_media":0,"parent":29,"menu_order":8,"comment_status":"closed","ping_status":"closed","template":"","meta":{"footnotes":""},"class_list":["post-186","page","type-page","status-publish","hentry"],"_links":{"self":[{"href":"https:\/\/www.kajak-lgd.pl\/index.php\/wp-json\/wp\/v2\/pages\/186","targetHints":{"allow":["GET"]}}],"collection":[{"href":"https:\/\/www.kajak-lgd.pl\/index.php\/wp-json\/wp\/v2\/pages"}],"about":[{"href":"https:\/\/www.kajak-lgd.pl\/index.php\/wp-json\/wp\/v2\/types\/page"}],"author":[{"embeddable":true,"href":"https:\/\/www.kajak-lgd.pl\/index.php\/wp-json\/wp\/v2\/users\/1"}],"replies":[{"embeddable":true,"href":"https:\/\/www.kajak-lgd.pl\/index.php\/wp-json\/wp\/v2\/comments?post=186"}],"version-history":[{"count":5,"href":"https:\/\/www.kajak-lgd.pl\/index.php\/wp-json\/wp\/v2\/pages\/186\/revisions"}],"predecessor-version":[{"id":327,"href":"https:\/\/www.kajak-lgd.pl\/index.php\/wp-json\/wp\/v2\/pages\/186\/revisions\/327"}],"up":[{"embeddable":true,"href":"https:\/\/www.kajak-lgd.pl\/index.php\/wp-json\/wp\/v2\/pages\/29"}],"wp:attachment":[{"href":"https:\/\/www.kajak-lgd.pl\/index.php\/wp-json\/wp\/v2\/media?parent=186"}],"curies":[{"name":"wp","href":"https:\/\/api.w.org\/{rel}","templated":true}]}}