{"id":53,"date":"2022-06-03T13:44:27","date_gmt":"2022-06-03T11:44:27","guid":{"rendered":"http:\/\/www.kajak-lgd.pl\/?page_id=53"},"modified":"2023-01-26T21:28:08","modified_gmt":"2023-01-26T20:28:08","slug":"kanal-jagiellonski","status":"publish","type":"page","link":"https:\/\/www.kajak-lgd.pl\/index.php\/kajak-lgd-home\/kanal-jagiellonski\/","title":{"rendered":"Kana\u0142 Jagiello\u0144ski"},"content":{"rendered":"\n<p class=\"has-cyan-bluish-gray-color has-text-color has-small-font-size\">Od Wis\u0142y do Wis\u0142y &#8211; \u0142\u0105czy nas Kana\u0142 Elbl\u0105ski i Drw\u0119ca<\/p>\n\n\n\n<div class=\"wp-block-columns alignwide is-layout-flex wp-container-core-columns-is-layout-28f84493 wp-block-columns-is-layout-flex\">\n<div class=\"wp-block-column is-layout-flow wp-block-column-is-layout-flow\">\n<p>Przy wrotach przeciwpowodziowych w miejscowo\u015bci Bielnik drugi rozpoczyna si\u0119 kajakowa podr\u00f3\u017c sieci\u0105 w\u00f3d Krainy Kana\u0142u Elbl\u0105skiego. Odcinek I szlaku ko\u0144czy si\u0119 po przep\u0142yni\u0119ciu wytyczonym szlakiem \u017ceglugowym Jeziora Druzno do Kana\u0142u Elbl\u0105skiego.<\/p>\n<\/div>\n<\/div>\n\n\n\n<p class=\"has-small-font-size\"><\/p>\n\n\n\n<figure class=\"wp-block-table has-small-font-size\"><table class=\"has-vivid-green-cyan-color has-text-color\"><tbody><tr><td class=\"has-text-align-center\" data-align=\"center\"><strong>km<\/strong><\/td><td class=\"has-text-align-center\" data-align=\"center\"><strong>Kana\u0142 Jagiello\u0144ski<\/strong><\/td><\/tr><tr><td class=\"has-text-align-center\" data-align=\"center\"><strong>0,00<\/strong><\/td><td class=\"has-text-align-center\" data-align=\"center\">W tym miejscu <strong>Kana\u0142 Jagiello\u0144ski<\/strong> \u0142\u0105czy si\u0119 z rzek\u0105 Nogat i tu rozpoczynamy nasz sp\u0142yw kajakowy. W miejscowo\u015bci Bielnik Drugi warto zwr\u00f3ci\u0107 uwag\u0119 na zabytkowe wrota przeciwpowodziowe chroni\u0105ce przed nap\u0142ywem wody z Nogatu w Kana\u0142 Jagiello\u0144ski. W miejscowo\u015bci K\u0119pki, tu\u017c przy mo\u015bcie znajduje si\u0119 stary, pi\u0119kny cmentarz protestancki.<\/td><\/tr><tr><td class=\"has-text-align-center\" data-align=\"center\"><strong>5,80<\/strong><\/td><td class=\"has-text-align-center\" data-align=\"center\">Uj\u015bcie <strong>Kana\u0142u Jagiello\u0144skiego<\/strong> do rzeki <strong>Elbl\u0105g<\/strong>.<\/td><\/tr><\/tbody><\/table><\/figure>\n\n\n\n<figure class=\"wp-block-table has-small-font-size\"><table class=\"has-vivid-green-cyan-color has-text-color\"><tbody><tr><td class=\"has-text-align-center\" data-align=\"center\"><strong>km<\/strong><\/td><td class=\"has-text-align-center\" data-align=\"center\"><strong>Rzeka Elbl\u0105g<\/strong><\/td><\/tr><tr><td class=\"has-text-align-center\" data-align=\"center\"><strong>8,00<\/strong><\/td><td class=\"has-text-align-center\" data-align=\"center\">Uj\u015bcie <strong>Kana\u0142u Jagiello\u0144skiego<\/strong> do rzeki <strong>Elbl\u0105g<\/strong>.<\/td><\/tr><tr><td class=\"has-text-align-center\" data-align=\"center\"><strong>7,30<\/strong><\/td><td class=\"has-text-align-center\" data-align=\"center\">Na brzegach przysta\u0144 \u017ceglarska HOW Bryza i Jachtklub Elbl\u0105g.<\/td><\/tr><tr><td class=\"has-text-align-center\" data-align=\"center\"><strong>6,90<\/strong><\/td><td class=\"has-text-align-center\" data-align=\"center\">Most Unii Europejskiej &#8211; stalowy, kratownicowy most kolejowy i drogowy.<\/td><\/tr><\/tbody><\/table><\/figure>\n\n\n\n<div class=\"wp-block-columns is-layout-flex wp-container-core-columns-is-layout-28f84493 wp-block-columns-is-layout-flex\" style=\"border-style:none;border-width:0px\">\n<div class=\"wp-block-column is-layout-flow wp-block-column-is-layout-flow\">\n<div class=\"wp-block-columns is-layout-flex wp-container-core-columns-is-layout-28f84493 wp-block-columns-is-layout-flex\">\n<div class=\"wp-block-column is-layout-flow wp-block-column-is-layout-flow\">\n<hr class=\"wp-block-separator has-text-color has-vivid-green-cyan-color has-alpha-channel-opacity has-vivid-green-cyan-background-color has-background is-style-wide\"\/>\n<\/div>\n<\/div>\n<\/div>\n<\/div>\n\n\n\n<div class=\"wp-block-columns is-layout-flex wp-container-core-columns-is-layout-28f84493 wp-block-columns-is-layout-flex\">\n<div class=\"wp-block-column is-layout-flow wp-block-column-is-layout-flow\">\n<div style=\"height:0px\" aria-hidden=\"true\" class=\"wp-block-spacer\"><\/div>\n<\/div>\n<\/div>\n\n\n\n<div class=\"wp-block-columns alignwide is-layout-flex wp-container-core-columns-is-layout-28f84493 wp-block-columns-is-layout-flex\">\n<div class=\"wp-block-column is-layout-flow wp-block-column-is-layout-flow\"><style>#jtg-67 .modula-item .jtg-social a, .lightbox-socials.jtg-social a{ color: #ffffff }#jtg-67 .modula-item .jtg-social svg, .lightbox-socials.jtg-social svg { height: 16px; width: 16px }#jtg-67 .modula-item .jtg-social a:not(:last-child), .lightbox-socials.jtg-social a:not(:last-child) { margin-right: 10px }#jtg-67 .modula-item .figc {color:#ffffff;}#jtg-67 .modula-item .figc .jtg-title {  font-size: 8px; }#jtg-67.modula-loaded-scale .modula-item .modula-item-content { animation:modulaScaling 1s;transition:0.5s all;opacity: 1; }@keyframes modulaScaling { 0% {transform:scale(1)} 50%{transform: scale(1)}100%{transform:scale(1)}}#jtg-67 .modula-items .figc p.description { font-size:8px; }#jtg-67 .modula-items .figc p.description { color:#ffffff;}#jtg-67 .modula-items .figc .jtg-title { color:#ffffff; }#jtg-67.modula-gallery .modula-item > a, #jtg-67.modula-gallery .modula-item, #jtg-67.modula-gallery .modula-item-content > a { cursor:zoom-in; } @media screen and (max-width:480px){#jtg-67 .modula-item .figc .jtg-title {  font-size: 6px; }#jtg-67 .modula-items .figc p.description { color:#ffffff;font-size:6px; }}#jtg-67 .modula-items .modula-item:hover img{opacity:1;}<\/style>\n<!-- Gallery Container -->\r\n<div  id=\"jtg-67\" class=\"modula modula-gallery modula-custom-grid\" data-config=\"{&quot;height&quot;:800,&quot;tabletHeight&quot;:800,&quot;mobileHeight&quot;:800,&quot;desktopHeight&quot;:800,&quot;enableTwitter&quot;:false,&quot;enableWhatsapp&quot;:false,&quot;enableFacebook&quot;:false,&quot;enablePinterest&quot;:false,&quot;enableLinkedin&quot;:false,&quot;enableEmail&quot;:false,&quot;randomFactor&quot;:0.5,&quot;type&quot;:&quot;custom-grid&quot;,&quot;columns&quot;:12,&quot;gutter&quot;:20,&quot;mobileGutter&quot;:10,&quot;tabletGutter&quot;:10,&quot;desktopGutter&quot;:20,&quot;enableResponsive&quot;:&quot;1&quot;,&quot;tabletColumns&quot;:&quot;2&quot;,&quot;mobileColumns&quot;:&quot;2&quot;,&quot;lazyLoad&quot;:&quot;1&quot;,&quot;lightboxOpts&quot;:{&quot;loop&quot;:false,&quot;arrows&quot;:true,&quot;toolbar&quot;:true,&quot;keyboard&quot;:false,&quot;wheel&quot;:false,&quot;buttons&quot;:[&quot;close&quot;],&quot;hash&quot;:false,&quot;lang&quot;:&quot;en&quot;,&quot;touch&quot;:false,&quot;protect&quot;:false,&quot;i18n&quot;:{&quot;en&quot;:{&quot;CLOSE&quot;:&quot;Zamknij&quot;,&quot;NEXT&quot;:&quot;Nast\\u0119pny&quot;,&quot;PREV&quot;:&quot;Poprzedni&quot;,&quot;Error&quot;:&quot;Nie mo\\u017cna za\\u0142adowa\\u0107 \\u017c\\u0105danej tre\\u015bci. Spr\\u00f3buj ponownie p\\u00f3\\u017aniej.&quot;,&quot;PLAY_START&quot;:&quot;Rozpocznij pokaz slajd\\u00f3w&quot;,&quot;PLAY_STOP&quot;:&quot;Zatrzymaj pokaz slajd\\u00f3w&quot;,&quot;FULL_SCREEN&quot;:&quot;Pe\\u0142ny ekran&quot;,&quot;THUMBS&quot;:&quot;Miniatury&quot;,&quot;DOWNLOAD&quot;:&quot;Pobieranie&quot;,&quot;SHARE&quot;:&quot;Udost\\u0119pnij&quot;,&quot;ZOOM&quot;:&quot;Powi\\u0119kszenie&quot;}},&quot;clickSlide&quot;:false,&quot;clickOutside&quot;:false,&quot;dblclickContent&quot;:false,&quot;dblclickSlide&quot;:false,&quot;dblclickOutside&quot;:false,&quot;clickContent&quot;:false,&quot;baseTpl&quot;:&quot;&lt;div class=\\&quot;modula-fancybox-container modula-lightbox-jtg-67\\&quot; role=\\&quot;dialog\\&quot; tabindex=\\&quot;-1\\&quot;&gt;&lt;div class=\\&quot;modula-fancybox-bg\\&quot;&gt;&lt;\\\/div&gt;&lt;div class=\\&quot;modula-fancybox-inner\\&quot;&gt;&lt;div class=\\&quot;modula-fancybox-infobar\\&quot;&gt;&lt;span data-fancybox-index&gt;&lt;\\\/span&gt;&nbsp;\\\/&nbsp;&lt;span data-fancybox-count&gt;&lt;\\\/span&gt;&lt;\\\/div&gt;&lt;div class=\\&quot;modula-fancybox-toolbar\\&quot;&gt;{{buttons}}&lt;\\\/div&gt;&lt;div class=\\&quot;modula-fancybox-navigation\\&quot;&gt;{{arrows}}&lt;\\\/div&gt;&lt;div class=\\&quot;modula-fancybox-stage\\&quot;&gt;&lt;\\\/div&gt;&lt;div class=\\&quot;modula-fancybox-caption\\&quot;&gt;&lt;div class=\\&quot;modula-fancybox-caption__body\\&quot;&gt;&lt;\\\/div&gt;&lt;\\\/div&gt;&lt;\\\/div&gt;&lt;\\\/div&gt;&quot;},&quot;inView&quot;:true,&quot;email_subject&quot;:&quot;Sprawd\\u017a ten niesamowity obrazek!&quot;,&quot;email_message&quot;:&quot;Oto odno\\u015bnik do obrazku: %%image_link%%, a to odno\\u015bnik do galerii: %%gallery_link%%&quot;,&quot;lightbox&quot;:&quot;fancybox&quot;}\">\r\n\r\n\t\r\n\t<!-- Items Container -->\r\n\t<div  class=\"modula-items\">\r\n\t\t<div class=\"modula-item\" data-width=\"2\" data-height=\"2\" >\r\n\t<div class=\"modula-item-content\">\r\n\t\t\r\n\t\t\t\t\t<a data-image-id=\"68\" href=\"https:\/\/www.kajak-lgd.pl\/wp-content\/uploads\/2022\/06\/Elbla\u0328g-dawne-gimnazjum-obecnie-muzeum.jpg\" rel=\"jtg-67\" data-caption=\"fot. Rafa\u0142 Baranowski\" aria-label=\"Otw\u00f3rz obrazek w Lightboxie\" title=\"Otw\u00f3rz obrazek w Lightboxie\" class=\"tile-inner modula-item-link\"><\/a>\r\n\t\t\r\n\t\t<img class=\"pic wp-image-68 lazyload\"  data-valign=\"middle\" data-halign=\"center\" alt=\"\" data-full=\"http:\/\/www.kajak-lgd.pl\/wp-content\/uploads\/2022\/06\/Elbla\u0328g-dawne-gimnazjum-obecnie-muzeum.jpg\" title=\"Elbla\u0328g - dawne gimnazjum obecnie muzeum\" width=\"300\" height=\"200\" data-src=\"https:\/\/www.kajak-lgd.pl\/wp-content\/uploads\/2022\/06\/Elbla\u0328g-dawne-gimnazjum-obecnie-muzeum-300x200.jpg\" data-caption=\"fot. Rafa\u0142 Baranowski\" data-source=\"modula\" data-srcset=\"https:\/\/www.kajak-lgd.pl\/wp-content\/uploads\/2022\/06\/Elbla\u0328g-dawne-gimnazjum-obecnie-muzeum-300x200.jpg 300w, https:\/\/www.kajak-lgd.pl\/wp-content\/uploads\/2022\/06\/Elbla\u0328g-dawne-gimnazjum-obecnie-muzeum-1024x682.jpg 1024w, https:\/\/www.kajak-lgd.pl\/wp-content\/uploads\/2022\/06\/Elbla\u0328g-dawne-gimnazjum-obecnie-muzeum-768x512.jpg 768w, https:\/\/www.kajak-lgd.pl\/wp-content\/uploads\/2022\/06\/Elbla\u0328g-dawne-gimnazjum-obecnie-muzeum-1200x800.jpg 1200w, https:\/\/www.kajak-lgd.pl\/wp-content\/uploads\/2022\/06\/Elbla\u0328g-dawne-gimnazjum-obecnie-muzeum.jpg 1280w\" data-sizes=\"(max-width: 300px) 100vw, 300px\" srcset=\"https:\/\/www.kajak-lgd.pl\/wp-content\/uploads\/2022\/06\/Elbla\u0328g-dawne-gimnazjum-obecnie-muzeum-300x200.jpg 300w, https:\/\/www.kajak-lgd.pl\/wp-content\/uploads\/2022\/06\/Elbla\u0328g-dawne-gimnazjum-obecnie-muzeum-1024x682.jpg 1024w, https:\/\/www.kajak-lgd.pl\/wp-content\/uploads\/2022\/06\/Elbla\u0328g-dawne-gimnazjum-obecnie-muzeum-768x512.jpg 768w, https:\/\/www.kajak-lgd.pl\/wp-content\/uploads\/2022\/06\/Elbla\u0328g-dawne-gimnazjum-obecnie-muzeum-1200x800.jpg 1200w, https:\/\/www.kajak-lgd.pl\/wp-content\/uploads\/2022\/06\/Elbla\u0328g-dawne-gimnazjum-obecnie-muzeum.jpg 1280w\" sizes=\"(max-width: 300px) 100vw, 300px\" \/>\r\n\t<\/div>\r\n\r\n<\/div><div class=\"modula-item\" data-width=\"5\" data-height=\"5\" >\r\n\t<div class=\"modula-item-content\">\r\n\t\t\r\n\t\t\t\t\t<a data-image-id=\"69\" href=\"https:\/\/www.kajak-lgd.pl\/wp-content\/uploads\/2022\/06\/Elbla\u0328g-jez.-Druzno.jpg\" rel=\"jtg-67\" data-caption=\"\" aria-label=\"Otw\u00f3rz obrazek w Lightboxie\" title=\"Otw\u00f3rz obrazek w Lightboxie\" class=\"tile-inner modula-item-link\"><\/a>\r\n\t\t\r\n\t\t<img class=\"pic wp-image-69 lazyload\"  data-valign=\"middle\" data-halign=\"center\" alt=\"\" data-full=\"http:\/\/www.kajak-lgd.pl\/wp-content\/uploads\/2022\/06\/Elbla\u0328g-jez.-Druzno.jpg\" title=\"Elbla\u0328g - jez. Druzno\" width=\"300\" height=\"200\" data-src=\"https:\/\/www.kajak-lgd.pl\/wp-content\/uploads\/2022\/06\/Elbla\u0328g-jez.-Druzno-300x200.jpg\" data-caption=\"\" data-source=\"modula\" data-srcset=\"https:\/\/www.kajak-lgd.pl\/wp-content\/uploads\/2022\/06\/Elbla\u0328g-jez.-Druzno-300x200.jpg 300w, https:\/\/www.kajak-lgd.pl\/wp-content\/uploads\/2022\/06\/Elbla\u0328g-jez.-Druzno-1024x682.jpg 1024w, https:\/\/www.kajak-lgd.pl\/wp-content\/uploads\/2022\/06\/Elbla\u0328g-jez.-Druzno-768x512.jpg 768w, https:\/\/www.kajak-lgd.pl\/wp-content\/uploads\/2022\/06\/Elbla\u0328g-jez.-Druzno-1200x800.jpg 1200w, https:\/\/www.kajak-lgd.pl\/wp-content\/uploads\/2022\/06\/Elbla\u0328g-jez.-Druzno.jpg 1280w\" data-sizes=\"(max-width: 300px) 100vw, 300px\" srcset=\"https:\/\/www.kajak-lgd.pl\/wp-content\/uploads\/2022\/06\/Elbla\u0328g-jez.-Druzno-300x200.jpg 300w, https:\/\/www.kajak-lgd.pl\/wp-content\/uploads\/2022\/06\/Elbla\u0328g-jez.-Druzno-1024x682.jpg 1024w, https:\/\/www.kajak-lgd.pl\/wp-content\/uploads\/2022\/06\/Elbla\u0328g-jez.-Druzno-768x512.jpg 768w, https:\/\/www.kajak-lgd.pl\/wp-content\/uploads\/2022\/06\/Elbla\u0328g-jez.-Druzno-1200x800.jpg 1200w, https:\/\/www.kajak-lgd.pl\/wp-content\/uploads\/2022\/06\/Elbla\u0328g-jez.-Druzno.jpg 1280w\" sizes=\"(max-width: 300px) 100vw, 300px\" \/>\r\n\t<\/div>\r\n\r\n<\/div><div class=\"modula-item\" data-width=\"4\" data-height=\"4\" >\r\n\t<div class=\"modula-item-content\">\r\n\t\t\r\n\t\t\t\t\t<a data-image-id=\"72\" href=\"https:\/\/www.kajak-lgd.pl\/wp-content\/uploads\/2022\/06\/Rzeka-Elbla\u0328g.jpg\" rel=\"jtg-67\" data-caption=\"\" aria-label=\"Otw\u00f3rz obrazek w Lightboxie\" title=\"Otw\u00f3rz obrazek w Lightboxie\" class=\"tile-inner modula-item-link\"><\/a>\r\n\t\t\r\n\t\t<img class=\"pic wp-image-72 lazyload\"  data-valign=\"middle\" data-halign=\"center\" alt=\"\" data-full=\"http:\/\/www.kajak-lgd.pl\/wp-content\/uploads\/2022\/06\/Rzeka-Elbla\u0328g.jpg\" title=\"Rzeka Elbla\u0328g\" width=\"300\" height=\"200\" data-src=\"https:\/\/www.kajak-lgd.pl\/wp-content\/uploads\/2022\/06\/Rzeka-Elbla\u0328g-300x200.jpg\" data-caption=\"\" data-source=\"modula\" data-srcset=\"https:\/\/www.kajak-lgd.pl\/wp-content\/uploads\/2022\/06\/Rzeka-Elbla\u0328g-300x200.jpg 300w, https:\/\/www.kajak-lgd.pl\/wp-content\/uploads\/2022\/06\/Rzeka-Elbla\u0328g-1024x682.jpg 1024w, https:\/\/www.kajak-lgd.pl\/wp-content\/uploads\/2022\/06\/Rzeka-Elbla\u0328g-768x512.jpg 768w, https:\/\/www.kajak-lgd.pl\/wp-content\/uploads\/2022\/06\/Rzeka-Elbla\u0328g-1200x800.jpg 1200w, https:\/\/www.kajak-lgd.pl\/wp-content\/uploads\/2022\/06\/Rzeka-Elbla\u0328g.jpg 1280w\" data-sizes=\"(max-width: 300px) 100vw, 300px\" srcset=\"https:\/\/www.kajak-lgd.pl\/wp-content\/uploads\/2022\/06\/Rzeka-Elbla\u0328g-300x200.jpg 300w, https:\/\/www.kajak-lgd.pl\/wp-content\/uploads\/2022\/06\/Rzeka-Elbla\u0328g-1024x682.jpg 1024w, https:\/\/www.kajak-lgd.pl\/wp-content\/uploads\/2022\/06\/Rzeka-Elbla\u0328g-768x512.jpg 768w, https:\/\/www.kajak-lgd.pl\/wp-content\/uploads\/2022\/06\/Rzeka-Elbla\u0328g-1200x800.jpg 1200w, https:\/\/www.kajak-lgd.pl\/wp-content\/uploads\/2022\/06\/Rzeka-Elbla\u0328g.jpg 1280w\" sizes=\"(max-width: 300px) 100vw, 300px\" \/>\r\n\t<\/div>\r\n\r\n<\/div><div class=\"modula-item\" data-width=\"2\" data-height=\"2\" >\r\n\t<div class=\"modula-item-content\">\r\n\t\t\r\n\t\t\t\t\t<a data-image-id=\"71\" href=\"https:\/\/www.kajak-lgd.pl\/wp-content\/uploads\/2022\/06\/Elbla\u0328g-Brama-Targowa.jpg\" rel=\"jtg-67\" data-caption=\"\" aria-label=\"Otw\u00f3rz obrazek w Lightboxie\" title=\"Otw\u00f3rz obrazek w Lightboxie\" class=\"tile-inner modula-item-link\"><\/a>\r\n\t\t\r\n\t\t<img class=\"pic wp-image-71 lazyload\"  data-valign=\"middle\" data-halign=\"center\" alt=\"\" data-full=\"http:\/\/www.kajak-lgd.pl\/wp-content\/uploads\/2022\/06\/Elbla\u0328g-Brama-Targowa.jpg\" title=\"Elbla\u0328g Brama Targowa\" width=\"300\" height=\"200\" data-src=\"https:\/\/www.kajak-lgd.pl\/wp-content\/uploads\/2022\/06\/Elbla\u0328g-Brama-Targowa-300x200.jpg\" data-caption=\"\" data-source=\"modula\" data-srcset=\"https:\/\/www.kajak-lgd.pl\/wp-content\/uploads\/2022\/06\/Elbla\u0328g-Brama-Targowa-300x200.jpg 300w, https:\/\/www.kajak-lgd.pl\/wp-content\/uploads\/2022\/06\/Elbla\u0328g-Brama-Targowa-1024x682.jpg 1024w, https:\/\/www.kajak-lgd.pl\/wp-content\/uploads\/2022\/06\/Elbla\u0328g-Brama-Targowa-768x512.jpg 768w, https:\/\/www.kajak-lgd.pl\/wp-content\/uploads\/2022\/06\/Elbla\u0328g-Brama-Targowa-1200x800.jpg 1200w, https:\/\/www.kajak-lgd.pl\/wp-content\/uploads\/2022\/06\/Elbla\u0328g-Brama-Targowa.jpg 1280w\" data-sizes=\"(max-width: 300px) 100vw, 300px\" srcset=\"https:\/\/www.kajak-lgd.pl\/wp-content\/uploads\/2022\/06\/Elbla\u0328g-Brama-Targowa-300x200.jpg 300w, https:\/\/www.kajak-lgd.pl\/wp-content\/uploads\/2022\/06\/Elbla\u0328g-Brama-Targowa-1024x682.jpg 1024w, https:\/\/www.kajak-lgd.pl\/wp-content\/uploads\/2022\/06\/Elbla\u0328g-Brama-Targowa-768x512.jpg 768w, https:\/\/www.kajak-lgd.pl\/wp-content\/uploads\/2022\/06\/Elbla\u0328g-Brama-Targowa-1200x800.jpg 1200w, https:\/\/www.kajak-lgd.pl\/wp-content\/uploads\/2022\/06\/Elbla\u0328g-Brama-Targowa.jpg 1280w\" sizes=\"(max-width: 300px) 100vw, 300px\" \/>\r\n\t<\/div>\r\n\r\n<\/div><div class=\"modula-item\" data-width=\"3\" data-height=\"3\" >\r\n\t<div class=\"modula-item-content\">\r\n\t\t\r\n\t\t\t\t\t<a data-image-id=\"70\" href=\"https:\/\/www.kajak-lgd.pl\/wp-content\/uploads\/2022\/06\/Elbla\u0328g-makieta-osady-TRUSO.jpg\" rel=\"jtg-67\" data-caption=\"\" aria-label=\"Otw\u00f3rz obrazek w Lightboxie\" title=\"Otw\u00f3rz obrazek w Lightboxie\" class=\"tile-inner modula-item-link\"><\/a>\r\n\t\t\r\n\t\t<img class=\"pic wp-image-70 lazyload\"  data-valign=\"middle\" data-halign=\"center\" alt=\"\" data-full=\"http:\/\/www.kajak-lgd.pl\/wp-content\/uploads\/2022\/06\/Elbla\u0328g-makieta-osady-TRUSO.jpg\" title=\"Elbla\u0328g - makieta osady TRUSO\" width=\"300\" height=\"200\" data-src=\"https:\/\/www.kajak-lgd.pl\/wp-content\/uploads\/2022\/06\/Elbla\u0328g-makieta-osady-TRUSO-300x200.jpg\" data-caption=\"\" data-source=\"modula\" data-srcset=\"https:\/\/www.kajak-lgd.pl\/wp-content\/uploads\/2022\/06\/Elbla\u0328g-makieta-osady-TRUSO-300x200.jpg 300w, https:\/\/www.kajak-lgd.pl\/wp-content\/uploads\/2022\/06\/Elbla\u0328g-makieta-osady-TRUSO-1024x682.jpg 1024w, https:\/\/www.kajak-lgd.pl\/wp-content\/uploads\/2022\/06\/Elbla\u0328g-makieta-osady-TRUSO-768x512.jpg 768w, https:\/\/www.kajak-lgd.pl\/wp-content\/uploads\/2022\/06\/Elbla\u0328g-makieta-osady-TRUSO-1200x800.jpg 1200w, https:\/\/www.kajak-lgd.pl\/wp-content\/uploads\/2022\/06\/Elbla\u0328g-makieta-osady-TRUSO.jpg 1280w\" data-sizes=\"(max-width: 300px) 100vw, 300px\" srcset=\"https:\/\/www.kajak-lgd.pl\/wp-content\/uploads\/2022\/06\/Elbla\u0328g-makieta-osady-TRUSO-300x200.jpg 300w, https:\/\/www.kajak-lgd.pl\/wp-content\/uploads\/2022\/06\/Elbla\u0328g-makieta-osady-TRUSO-1024x682.jpg 1024w, https:\/\/www.kajak-lgd.pl\/wp-content\/uploads\/2022\/06\/Elbla\u0328g-makieta-osady-TRUSO-768x512.jpg 768w, https:\/\/www.kajak-lgd.pl\/wp-content\/uploads\/2022\/06\/Elbla\u0328g-makieta-osady-TRUSO-1200x800.jpg 1200w, https:\/\/www.kajak-lgd.pl\/wp-content\/uploads\/2022\/06\/Elbla\u0328g-makieta-osady-TRUSO.jpg 1280w\" sizes=\"(max-width: 300px) 100vw, 300px\" \/>\r\n\t<\/div>\r\n\r\n<\/div>\t\t\r\n\t<\/div>\r\n\r\n\t\r\n\t\r\n\t<script type=\"application\/ld+json\">\r\n\t{\r\n\t\t\"@context\": \"http:\/\/schema.org\",\r\n\t\t\"@type\"   : \"ImageGallery\",\r\n\t\t\"id\"      : \"https:\/\/www.kajak-lgd.pl\/wp-json\/wp\/v2\/pages\/53\",\r\n\t\t\"url\"     : \"https:\/\/www.kajak-lgd.pl\/wp-json\/wp\/v2\/pages\/53\"\r\n\t}\r\n\r\n    <\/script>\r\n\r\n\t\r\n<\/div>\n<\/div>\n<\/div>\n\n\n\n<div class=\"wp-block-columns is-layout-flex wp-container-core-columns-is-layout-28f84493 wp-block-columns-is-layout-flex\">\n<div class=\"wp-block-column is-layout-flow wp-block-column-is-layout-flow\"><p><iframe loading=\"lazy\" src=\"https:\/\/www.google.com\/maps\/d\/embed?mid=1nSa9oTDV0-0Ulv8yP6pGPxg-rNvYsvA&amp;ehbc=2E312F\" width=\"100%\" height=\"450\" frameborder=\"0\" style=\"border:0\" allowfullscreen=\"\"><\/iframe><\/p>\n<\/div>\n<\/div>\n\n\n\n<div class=\"wp-block-columns alignfull is-layout-flex wp-container-core-columns-is-layout-28f84493 wp-block-columns-is-layout-flex\">\n<div class=\"wp-block-column is-layout-flow wp-block-column-is-layout-flow\">\n<div style=\"height:50px\" aria-hidden=\"true\" class=\"wp-block-spacer\"><\/div>\n<\/div>\n<\/div>\n\n\n\n<hr class=\"wp-block-separator has-text-color has-vivid-green-cyan-color has-alpha-channel-opacity has-vivid-green-cyan-background-color has-background is-style-wide\"\/>\n\n\n\n<p class=\"has-vivid-green-cyan-color has-text-color has-small-font-size\"><strong>Uwaga<\/strong><\/p>\n\n\n\n<ul class=\"wp-block-list\">\n<li>na ca\u0142ej trasie obowi\u0105zuje zakaz \u017ceglugi w porze nocnej, czyli od godziny po zachodzie s\u0142o\u0144ca do godziny przed wschodem s\u0142o\u0144ca <\/li>\n<\/ul>\n\n\n\n<div style=\"height:100px\" aria-hidden=\"true\" class=\"wp-block-spacer\"><\/div>\n\n\n\n<div class=\"wp-block-columns is-layout-flex wp-container-core-columns-is-layout-28f84493 wp-block-columns-is-layout-flex\">\n<div class=\"wp-block-column is-layout-flow wp-block-column-is-layout-flow\">\n<div class=\"wp-block-buttons is-content-justification-center is-layout-flex wp-container-core-buttons-is-layout-a89b3969 wp-block-buttons-is-layout-flex\">\n<div class=\"wp-block-button is-style-fill\"><a class=\"wp-block-button__link has-background-color has-vivid-green-cyan-background-color has-text-color has-background wp-element-button\" href=\"http:\/\/www.kajak-lgd.pl\/index.php\/kajak-lgd-home\/rzeka-elblag\/\" style=\"border-radius:5px\"><strong>KOLEJNY ETAP<\/strong><\/a><\/div>\n<\/div>\n<\/div>\n<\/div>\n","protected":false},"excerpt":{"rendered":"<p>Od Wis\u0142y do Wis\u0142y &#8211; \u0142\u0105czy nas Kana\u0142 Elbl\u0105ski i Drw\u0119ca Przy wrotach przeciwpowodziowych w miejscowo\u015bci Bielnik drugi rozpoczyna si\u0119 kajakowa podr\u00f3\u017c sieci\u0105 w\u00f3d Krainy Kana\u0142u Elbl\u0105skiego. Odcinek I szlaku ko\u0144czy si\u0119 po przep\u0142yni\u0119ciu wytyczonym szlakiem \u017ceglugowym Jeziora Druzno do Kana\u0142u Elbl\u0105skiego. km Kana\u0142 Jagiello\u0144ski 0,00 W tym miejscu Kana\u0142 Jagiello\u0144ski \u0142\u0105czy si\u0119 z rzek\u0105 [&hellip;]<\/p>\n","protected":false},"author":1,"featured_media":0,"parent":29,"menu_order":0,"comment_status":"closed","ping_status":"closed","template":"","meta":{"footnotes":""},"class_list":["post-53","page","type-page","status-publish","hentry"],"_links":{"self":[{"href":"https:\/\/www.kajak-lgd.pl\/index.php\/wp-json\/wp\/v2\/pages\/53","targetHints":{"allow":["GET"]}}],"collection":[{"href":"https:\/\/www.kajak-lgd.pl\/index.php\/wp-json\/wp\/v2\/pages"}],"about":[{"href":"https:\/\/www.kajak-lgd.pl\/index.php\/wp-json\/wp\/v2\/types\/page"}],"author":[{"embeddable":true,"href":"https:\/\/www.kajak-lgd.pl\/index.php\/wp-json\/wp\/v2\/users\/1"}],"replies":[{"embeddable":true,"href":"https:\/\/www.kajak-lgd.pl\/index.php\/wp-json\/wp\/v2\/comments?post=53"}],"version-history":[{"count":38,"href":"https:\/\/www.kajak-lgd.pl\/index.php\/wp-json\/wp\/v2\/pages\/53\/revisions"}],"predecessor-version":[{"id":329,"href":"https:\/\/www.kajak-lgd.pl\/index.php\/wp-json\/wp\/v2\/pages\/53\/revisions\/329"}],"up":[{"embeddable":true,"href":"https:\/\/www.kajak-lgd.pl\/index.php\/wp-json\/wp\/v2\/pages\/29"}],"wp:attachment":[{"href":"https:\/\/www.kajak-lgd.pl\/index.php\/wp-json\/wp\/v2\/media?parent=53"}],"curies":[{"name":"wp","href":"https:\/\/api.w.org\/{rel}","templated":true}]}}